{"id":6277,"date":"2016-03-17T12:18:33","date_gmt":"2016-03-17T11:18:33","guid":{"rendered":"http:\/\/villadeigelsomini.demo4.pensareweb.it\/fr\/appartamenti-lussuosi-rimini\/"},"modified":"2017-11-17T10:39:50","modified_gmt":"2017-11-17T09:39:50","slug":"appartamenti-lussuosi-rimini","status":"publish","type":"page","link":"https:\/\/www.villadeigelsomini.it\/fr\/appartamenti-lussuosi-rimini\/","title":{"rendered":"Appartamenti lussuosi a Rimini"},"content":{"rendered":"[vc_row type=\u00a0\u00bbfull_width_background\u00a0\u00bb scene_position=\u00a0\u00bbcenter\u00a0\u00bb text_color=\u00a0\u00bbdark\u00a0\u00bb text_align=\u00a0\u00bbleft\u00a0\u00bb class=\u00a0\u00bbbooking\u00a0\u00bb overlay_strength=\u00a0\u00bb0.3&Prime;][vc_column column_padding=\u00a0\u00bbno-extra-padding\u00a0\u00bb column_padding_position=\u00a0\u00bball\u00a0\u00bb background_color_opacity=\u00a0\u00bb1&Prime; background_hover_color_opacity=\u00a0\u00bb1&Prime; width=\u00a0\u00bb1\/1&Prime;][vc_column_text]\t\n\t<div class=\"booking\">\n\t\t<div class=\"intro\">La struttura fa parte della stessa propriet\u00e0 del National Hotel **** a Rimini<\/div>\n\t\t<div class=\"btbooking\">\n\n\t\t\t<a class=\"nectar-button large accent-color regular-button\" target=\"_blank\" href=\"https:\/\/www.nationalhotel.it\/fr\/national-hotel\/demande-informations.html\" data-color-override=\"false\" data-hover-color-override=\"false\" data-hover-text-color-override=\"#fff\" style=\"visibility: visible;\"><span>RICHIEDI INFO<\/span><\/a>\n\t\t\t\n\n\t\t<\/div>\n\t\t<div class=\"clear\"><\/div>\n\t<\/div>[\/vc_column_text][\/vc_column][\/vc_row][vc_row type=\u00a0\u00bbfull_width_content\u00a0\u00bb bg_color=\u00a0\u00bb#ffffff\u00a0\u00bb scene_position=\u00a0\u00bbcenter\u00a0\u00bb text_color=\u00a0\u00bbdark\u00a0\u00bb text_align=\u00a0\u00bbleft\u00a0\u00bb id=\u00a0\u00bbpw-intro\u00a0\u00bb overlay_strength=\u00a0\u00bb0.3&Prime;][vc_column column_padding=\u00a0\u00bbno-extra-padding\u00a0\u00bb column_padding_position=\u00a0\u00bball\u00a0\u00bb background_color_opacity=\u00a0\u00bb1&Prime; background_hover_color_opacity=\u00a0\u00bb1&Prime; el_class=\u00a0\u00bboffertebox-home\u00a0\u00bb width=\u00a0\u00bb1\/2&Prime;][vc_column_text]\n<h1 style=\"text-align: right;\">VILLA DEI GELSOMINI<\/h1>\n<h1 style=\"text-align: right;\">RIMINI MARINA CENTRO<\/h1>\n<h2 style=\"text-align: right;\">Suites et appartements de luxe \u00e0 Rimini<\/h2>\n[\/vc_column_text][\/vc_column][vc_column enable_animation=\u00a0\u00bbtrue\u00a0\u00bb animation=\u00a0\u00bbfade-in-from-right\u00a0\u00bb column_padding=\u00a0\u00bbno-extra-padding\u00a0\u00bb column_padding_position=\u00a0\u00bball\u00a0\u00bb background_color_opacity=\u00a0\u00bb1&Prime; background_hover_color_opacity=\u00a0\u00bb1&Prime; background_image=\u00a0\u00bb5624&Prime; el_class=\u00a0\u00bbcol-pw-white\u00a0\u00bb width=\u00a0\u00bb1\/2&Prime;][vc_column_text] La nouvelle r\u00e9sidence \u00ab Villa dei Gelsomini \u00bb est situ\u00e9e \u00e0 Rimini Marina Centre. Elle se trouve \u00e0 seulement 50 m\u00e8tres de l&rsquo;<a title=\"https:\/\/www.hotel-rimini.fr\/\" href=\"https:\/\/www.nationalhotel.it\" target=\"_blank\" rel=\"noopener noreferrer\">H\u00f4tel National<\/a>. Nous disposons de 12 suites luxueuses, des appartements de type T2 meubl\u00e9s modernes et avec beaucoup de go\u00fbt.<\/p>\n<p>Tous les appartements sont dispos\u00e9s comme des suites avec une chambre double ou matrimoniale, un salon tr\u00e8s confortable avec un canap\u00e9 lit matrimonial et cuisines \u00e9quip\u00e9es. Ces appartements sont parfaitement con\u00e7us pour des vacances en location. [\/vc_column_text][\/vc_column][\/vc_row][vc_row type=\u00a0\u00bbfull_width_content\u00a0\u00bb vertically_center_columns=\u00a0\u00bbtrue\u00a0\u00bb scene_position=\u00a0\u00bbcenter\u00a0\u00bb text_color=\u00a0\u00bbdark\u00a0\u00bb text_align=\u00a0\u00bbleft\u00a0\u00bb id=\u00a0\u00bbpw-suite-deluxe\u00a0\u00bb overlay_strength=\u00a0\u00bb0.3&Prime;][vc_column enable_animation=\u00a0\u00bbtrue\u00a0\u00bb animation=\u00a0\u00bbfade-in-from-left\u00a0\u00bb column_padding=\u00a0\u00bbno-extra-padding\u00a0\u00bb column_padding_position=\u00a0\u00bball\u00a0\u00bb background_color_opacity=\u00a0\u00bb1&Prime; background_hover_color_opacity=\u00a0\u00bb1&Prime; background_image=\u00a0\u00bb5632&Prime; el_class=\u00a0\u00bbcol-pw-grey testo-destra\u00a0\u00bb width=\u00a0\u00bb1\/2&Prime;][vc_column_text]Certains appartements sont sur deux niveaux et poss\u00e8dent tous deux salles de bain. Ils ont tous \u00e9galement une baignoire Jacuzzi et douche hydromassage. Pour compl\u00e9ter les services de ces beaux appartements nous avons fait faire les sols en parquets (vrai bois), parfaite insonorisation et climatisation r\u00e8glable individuellement.<\/p>\n<p>Ces appartements sont con\u00e7us pour de longs s\u00e9jours de travail ou de vacance \u00e0 Rimini en parfaite intimit\u00e9 et avec tous les conforts.<\/p>\n<p>Les clients de \u00ab Villa dei Gelsomini \u00bb pourront b\u00e9n\u00e9ficier sur demande d\u2019un petit d\u00e9jeuner servit en chambre mais \u00e9galement de la piscine r\u00e9chauff\u00e9e, de la plage priv\u00e9e, de l&rsquo;Oasis du Bien \u00eatre , du miniclub et du renomm\u00e9 restaurant de l\u2019h\u00f4tel National.<\/p>\n<p>Nous disposons \u00e9galement d\u2019un garage interne.<\/p>\n<p><a class=\"btn\" href=\"https:\/\/www.nationalhotel.it\/fr\/national-hotel\/demande-informations.html\" target=\"_blank\" rel=\"noopener noreferrer\">RESERVEZ<\/a>[\/vc_column_text][\/vc_column][vc_column enable_animation=\u00a0\u00bbtrue\u00a0\u00bb animation=\u00a0\u00bbfade-in-from-right\u00a0\u00bb column_padding=\u00a0\u00bbno-extra-padding\u00a0\u00bb column_padding_position=\u00a0\u00bball\u00a0\u00bb background_color_opacity=\u00a0\u00bb1&Prime; background_hover_color_opacity=\u00a0\u00bb1&Prime; background_image=\u00a0\u00bb6090&Prime; el_class=\u00a0\u00bbcell-pw-white\u00a0\u00bb width=\u00a0\u00bb1\/2&Prime;]<div class=\"img-with-aniamtion-wrap center\"><img decoding=\"async\" class=\"img-with-animation background\" data-delay=\"0\" height=\"100%\" width=\"100%\" data-animation=\"fade-in\" src=\"https:\/\/www.villadeigelsomini.it\/wp-content\/uploads\/background4-1.jpg\" alt=\"\" \/><\/div>[\/vc_column][\/vc_row][vc_row type=\u00a0\u00bbfull_width_content\u00a0\u00bb vertically_center_columns=\u00a0\u00bbtrue\u00a0\u00bb scene_position=\u00a0\u00bbcenter\u00a0\u00bb text_color=\u00a0\u00bbdark\u00a0\u00bb text_align=\u00a0\u00bbleft\u00a0\u00bb top_padding=\u00a0\u00bb10&Prime; bottom_padding=\u00a0\u00bb10&Prime; overlay_strength=\u00a0\u00bb0.3&Prime;][vc_column enable_animation=\u00a0\u00bbtrue\u00a0\u00bb animation=\u00a0\u00bbfade-in-from-left\u00a0\u00bb column_padding=\u00a0\u00bbno-extra-padding\u00a0\u00bb column_padding_position=\u00a0\u00bball\u00a0\u00bb background_color_opacity=\u00a0\u00bb1&Prime; background_hover_color_opacity=\u00a0\u00bb1&Prime; background_image=\u00a0\u00bb5632&Prime; width=\u00a0\u00bb1\/1&Prime;][vc_gallery type=\u00a0\u00bbimage_grid\u00a0\u00bb images=\u00a0\u00bb6124,6120,6122,6121,6123,6633,6629,6645,6641,6637&Prime; layout=\u00a0\u00bbfullwidth\u00a0\u00bb gallery_style=\u00a0\u00bb3&Prime;][\/vc_column][\/vc_row]\n","protected":false},"excerpt":{"rendered":"<p>[vc_row type=\u00a0\u00bbfull_width_background\u00a0\u00bb scene_position=\u00a0\u00bbcenter\u00a0\u00bb text_color=\u00a0\u00bbdark\u00a0\u00bb text_align=\u00a0\u00bbleft\u00a0\u00bb class=\u00a0\u00bbbooking\u00a0\u00bb overlay_strength=\u00a0\u00bb0.3&Prime;][vc_column column_padding=\u00a0\u00bbno-extra-padding\u00a0\u00bb column_padding_position=\u00a0\u00bball\u00a0\u00bb background_color_opacity=\u00a0\u00bb1&Prime; background_hover_color_opacity=\u00a0\u00bb1&Prime; width=\u00a0\u00bb1\/1&Prime;][vc_column_text][\/vc_column_text][\/vc_column][\/vc_row][vc_row type=\u00a0\u00bbfull_width_content\u00a0\u00bb bg_color=\u00a0\u00bb#ffffff\u00a0\u00bb scene_position=\u00a0\u00bbcenter\u00a0\u00bb text_color=\u00a0\u00bbdark\u00a0\u00bb text_align=\u00a0\u00bbleft\u00a0\u00bb id=\u00a0\u00bbpw-intro\u00a0\u00bb overlay_strength=\u00a0\u00bb0.3&Prime;][vc_column column_padding=\u00a0\u00bbno-extra-padding\u00a0\u00bb column_padding_position=\u00a0\u00bball\u00a0\u00bb background_color_opacity=\u00a0\u00bb1&Prime; background_hover_color_opacity=\u00a0\u00bb1&Prime; el_class=\u00a0\u00bboffertebox-home\u00a0\u00bb width=\u00a0\u00bb1\/2&Prime;][vc_column_text] VILLA DEI GELSOMINI RIMINI MARINA CENTRO Suites et appartements de luxe \u00e0 Rimini [\/vc_column_text][\/vc_column][vc_column enable_animation=\u00a0\u00bbtrue\u00a0\u00bb animation=\u00a0\u00bbfade-in-from-right\u00a0\u00bb column_padding=\u00a0\u00bbno-extra-padding\u00a0\u00bb column_padding_position=\u00a0\u00bball\u00a0\u00bb background_color_opacity=\u00a0\u00bb1&Prime; background_hover_color_opacity=\u00a0\u00bb1&Prime; background_image=\u00a0\u00bb5624&Prime; el_class=\u00a0\u00bbcol-pw-white\u00a0\u00bb width=\u00a0\u00bb1\/2&Prime;][vc_column_text] La nouvelle r\u00e9sidence \u00ab Villa dei Gelsomini&#8230;<\/p>\n","protected":false},"author":1,"featured_media":0,"parent":0,"menu_order":0,"comment_status":"closed","ping_status":"closed","template":"","meta":{"footnotes":""},"yoast_head":"<!-- This site is optimized with the Yoast SEO plugin v24.5 - https:\/\/yoast.com\/wordpress\/plugins\/seo\/ -->\n<title>Appartamenti lussuosi a Rimini | Villa Dei Gelsomini<\/title>\n<meta name=\"robots\" content=\"index, follow, max-snippet:-1, max-image-preview:large, max-video-preview:-1\" \/>\n<link rel=\"canonical\" href=\"https:\/\/www.villadeigelsomini.it\/fr\/appartamenti-lussuosi-rimini\/\" \/>\n<meta property=\"og:locale\" content=\"fr_FR\" \/>\n<meta property=\"og:type\" content=\"article\" \/>\n<meta property=\"og:title\" content=\"Appartamenti lussuosi a Rimini | Villa Dei Gelsomini\" \/>\n<meta property=\"og:description\" content=\"[vc_row type=\u00a0\u00bbfull_width_background\u00a0\u00bb scene_position=\u00a0\u00bbcenter\u00a0\u00bb text_color=\u00a0\u00bbdark\u00a0\u00bb text_align=\u00a0\u00bbleft\u00a0\u00bb class=\u00a0\u00bbbooking\u00a0\u00bb overlay_strength=\u00a0\u00bb0.3&Prime;][vc_column column_padding=\u00a0\u00bbno-extra-padding\u00a0\u00bb column_padding_position=\u00a0\u00bball\u00a0\u00bb background_color_opacity=\u00a0\u00bb1&Prime; background_hover_color_opacity=\u00a0\u00bb1&Prime; width=\u00a0\u00bb1\/1&Prime;][vc_column_text][\/vc_column_text][\/vc_column][\/vc_row][vc_row type=\u00a0\u00bbfull_width_content\u00a0\u00bb bg_color=\u00a0\u00bb#ffffff\u00a0\u00bb scene_position=\u00a0\u00bbcenter\u00a0\u00bb text_color=\u00a0\u00bbdark\u00a0\u00bb text_align=\u00a0\u00bbleft\u00a0\u00bb id=\u00a0\u00bbpw-intro\u00a0\u00bb overlay_strength=\u00a0\u00bb0.3&Prime;][vc_column column_padding=\u00a0\u00bbno-extra-padding\u00a0\u00bb column_padding_position=\u00a0\u00bball\u00a0\u00bb background_color_opacity=\u00a0\u00bb1&Prime; background_hover_color_opacity=\u00a0\u00bb1&Prime; el_class=\u00a0\u00bboffertebox-home\u00a0\u00bb width=\u00a0\u00bb1\/2&Prime;][vc_column_text] VILLA DEI GELSOMINI RIMINI MARINA CENTRO Suites et appartements de luxe \u00e0 Rimini [\/vc_column_text][\/vc_column][vc_column enable_animation=\u00a0\u00bbtrue\u00a0\u00bb animation=\u00a0\u00bbfade-in-from-right\u00a0\u00bb column_padding=\u00a0\u00bbno-extra-padding\u00a0\u00bb column_padding_position=\u00a0\u00bball\u00a0\u00bb background_color_opacity=\u00a0\u00bb1&Prime; background_hover_color_opacity=\u00a0\u00bb1&Prime; background_image=\u00a0\u00bb5624&Prime; el_class=\u00a0\u00bbcol-pw-white\u00a0\u00bb width=\u00a0\u00bb1\/2&Prime;][vc_column_text] La nouvelle r\u00e9sidence \u00ab Villa dei Gelsomini...\" \/>\n<meta property=\"og:url\" content=\"https:\/\/www.villadeigelsomini.it\/fr\/appartamenti-lussuosi-rimini\/\" \/>\n<meta property=\"og:site_name\" content=\"Villa Dei Gelsomini\" \/>\n<meta property=\"article:modified_time\" content=\"2017-11-17T09:39:50+00:00\" \/>\n<meta name=\"twitter:card\" content=\"summary_large_image\" \/>\n<meta name=\"twitter:label1\" content=\"Dur\u00e9e de lecture estim\u00e9e\" \/>\n\t<meta name=\"twitter:data1\" content=\"3 minutes\" \/>\n<script type=\"application\/ld+json\" class=\"yoast-schema-graph\">{\"@context\":\"https:\/\/schema.org\",\"@graph\":[{\"@type\":\"WebPage\",\"@id\":\"https:\/\/www.villadeigelsomini.it\/fr\/appartamenti-lussuosi-rimini\/\",\"url\":\"https:\/\/www.villadeigelsomini.it\/fr\/appartamenti-lussuosi-rimini\/\",\"name\":\"Appartamenti lussuosi a Rimini | Villa Dei Gelsomini\",\"isPartOf\":{\"@id\":\"https:\/\/www.villadeigelsomini.it\/#website\"},\"datePublished\":\"2016-03-17T11:18:33+00:00\",\"dateModified\":\"2017-11-17T09:39:50+00:00\",\"breadcrumb\":{\"@id\":\"https:\/\/www.villadeigelsomini.it\/fr\/appartamenti-lussuosi-rimini\/#breadcrumb\"},\"inLanguage\":\"fr-FR\",\"potentialAction\":[{\"@type\":\"ReadAction\",\"target\":[\"https:\/\/www.villadeigelsomini.it\/fr\/appartamenti-lussuosi-rimini\/\"]}]},{\"@type\":\"BreadcrumbList\",\"@id\":\"https:\/\/www.villadeigelsomini.it\/fr\/appartamenti-lussuosi-rimini\/#breadcrumb\",\"itemListElement\":[{\"@type\":\"ListItem\",\"position\":1,\"name\":\"Home\",\"item\":\"https:\/\/www.villadeigelsomini.it\/fr\/\"},{\"@type\":\"ListItem\",\"position\":2,\"name\":\"Appartamenti lussuosi a Rimini\"}]},{\"@type\":\"WebSite\",\"@id\":\"https:\/\/www.villadeigelsomini.it\/#website\",\"url\":\"https:\/\/www.villadeigelsomini.it\/\",\"name\":\"Villa Dei Gelsomini\",\"description\":\"Villa Dei Gelsomini\",\"potentialAction\":[{\"@type\":\"SearchAction\",\"target\":{\"@type\":\"EntryPoint\",\"urlTemplate\":\"https:\/\/www.villadeigelsomini.it\/?s={search_term_string}\"},\"query-input\":{\"@type\":\"PropertyValueSpecification\",\"valueRequired\":true,\"valueName\":\"search_term_string\"}}],\"inLanguage\":\"fr-FR\"}]}<\/script>\n<!-- \/ Yoast SEO plugin. -->","yoast_head_json":{"title":"Appartamenti lussuosi a Rimini | Villa Dei Gelsomini","robots":{"index":"index","follow":"follow","max-snippet":"max-snippet:-1","max-image-preview":"max-image-preview:large","max-video-preview":"max-video-preview:-1"},"canonical":"https:\/\/www.villadeigelsomini.it\/fr\/appartamenti-lussuosi-rimini\/","og_locale":"fr_FR","og_type":"article","og_title":"Appartamenti lussuosi a Rimini | Villa Dei Gelsomini","og_description":"[vc_row type=\u00a0\u00bbfull_width_background\u00a0\u00bb scene_position=\u00a0\u00bbcenter\u00a0\u00bb text_color=\u00a0\u00bbdark\u00a0\u00bb text_align=\u00a0\u00bbleft\u00a0\u00bb class=\u00a0\u00bbbooking\u00a0\u00bb overlay_strength=\u00a0\u00bb0.3&Prime;][vc_column column_padding=\u00a0\u00bbno-extra-padding\u00a0\u00bb column_padding_position=\u00a0\u00bball\u00a0\u00bb background_color_opacity=\u00a0\u00bb1&Prime; background_hover_color_opacity=\u00a0\u00bb1&Prime; width=\u00a0\u00bb1\/1&Prime;][vc_column_text][\/vc_column_text][\/vc_column][\/vc_row][vc_row type=\u00a0\u00bbfull_width_content\u00a0\u00bb bg_color=\u00a0\u00bb#ffffff\u00a0\u00bb scene_position=\u00a0\u00bbcenter\u00a0\u00bb text_color=\u00a0\u00bbdark\u00a0\u00bb text_align=\u00a0\u00bbleft\u00a0\u00bb id=\u00a0\u00bbpw-intro\u00a0\u00bb overlay_strength=\u00a0\u00bb0.3&Prime;][vc_column column_padding=\u00a0\u00bbno-extra-padding\u00a0\u00bb column_padding_position=\u00a0\u00bball\u00a0\u00bb background_color_opacity=\u00a0\u00bb1&Prime; background_hover_color_opacity=\u00a0\u00bb1&Prime; el_class=\u00a0\u00bboffertebox-home\u00a0\u00bb width=\u00a0\u00bb1\/2&Prime;][vc_column_text] VILLA DEI GELSOMINI RIMINI MARINA CENTRO Suites et appartements de luxe \u00e0 Rimini [\/vc_column_text][\/vc_column][vc_column enable_animation=\u00a0\u00bbtrue\u00a0\u00bb animation=\u00a0\u00bbfade-in-from-right\u00a0\u00bb column_padding=\u00a0\u00bbno-extra-padding\u00a0\u00bb column_padding_position=\u00a0\u00bball\u00a0\u00bb background_color_opacity=\u00a0\u00bb1&Prime; background_hover_color_opacity=\u00a0\u00bb1&Prime; background_image=\u00a0\u00bb5624&Prime; el_class=\u00a0\u00bbcol-pw-white\u00a0\u00bb width=\u00a0\u00bb1\/2&Prime;][vc_column_text] La nouvelle r\u00e9sidence \u00ab Villa dei Gelsomini...","og_url":"https:\/\/www.villadeigelsomini.it\/fr\/appartamenti-lussuosi-rimini\/","og_site_name":"Villa Dei Gelsomini","article_modified_time":"2017-11-17T09:39:50+00:00","twitter_card":"summary_large_image","twitter_misc":{"Dur\u00e9e de lecture estim\u00e9e":"3 minutes"},"schema":{"@context":"https:\/\/schema.org","@graph":[{"@type":"WebPage","@id":"https:\/\/www.villadeigelsomini.it\/fr\/appartamenti-lussuosi-rimini\/","url":"https:\/\/www.villadeigelsomini.it\/fr\/appartamenti-lussuosi-rimini\/","name":"Appartamenti lussuosi a Rimini | Villa Dei Gelsomini","isPartOf":{"@id":"https:\/\/www.villadeigelsomini.it\/#website"},"datePublished":"2016-03-17T11:18:33+00:00","dateModified":"2017-11-17T09:39:50+00:00","breadcrumb":{"@id":"https:\/\/www.villadeigelsomini.it\/fr\/appartamenti-lussuosi-rimini\/#breadcrumb"},"inLanguage":"fr-FR","potentialAction":[{"@type":"ReadAction","target":["https:\/\/www.villadeigelsomini.it\/fr\/appartamenti-lussuosi-rimini\/"]}]},{"@type":"BreadcrumbList","@id":"https:\/\/www.villadeigelsomini.it\/fr\/appartamenti-lussuosi-rimini\/#breadcrumb","itemListElement":[{"@type":"ListItem","position":1,"name":"Home","item":"https:\/\/www.villadeigelsomini.it\/fr\/"},{"@type":"ListItem","position":2,"name":"Appartamenti lussuosi a Rimini"}]},{"@type":"WebSite","@id":"https:\/\/www.villadeigelsomini.it\/#website","url":"https:\/\/www.villadeigelsomini.it\/","name":"Villa Dei Gelsomini","description":"Villa Dei Gelsomini","potentialAction":[{"@type":"SearchAction","target":{"@type":"EntryPoint","urlTemplate":"https:\/\/www.villadeigelsomini.it\/?s={search_term_string}"},"query-input":{"@type":"PropertyValueSpecification","valueRequired":true,"valueName":"search_term_string"}}],"inLanguage":"fr-FR"}]}},"_links":{"self":[{"href":"https:\/\/www.villadeigelsomini.it\/fr\/wp-json\/wp\/v2\/pages\/6277"}],"collection":[{"href":"https:\/\/www.villadeigelsomini.it\/fr\/wp-json\/wp\/v2\/pages"}],"about":[{"href":"https:\/\/www.villadeigelsomini.it\/fr\/wp-json\/wp\/v2\/types\/page"}],"author":[{"embeddable":true,"href":"https:\/\/www.villadeigelsomini.it\/fr\/wp-json\/wp\/v2\/users\/1"}],"replies":[{"embeddable":true,"href":"https:\/\/www.villadeigelsomini.it\/fr\/wp-json\/wp\/v2\/comments?post=6277"}],"version-history":[{"count":0,"href":"https:\/\/www.villadeigelsomini.it\/fr\/wp-json\/wp\/v2\/pages\/6277\/revisions"}],"wp:attachment":[{"href":"https:\/\/www.villadeigelsomini.it\/fr\/wp-json\/wp\/v2\/media?parent=6277"}],"curies":[{"name":"wp","href":"https:\/\/api.w.org\/{rel}","templated":true}]}}