{"id":6329,"date":"2016-03-17T13:17:21","date_gmt":"2016-03-17T12:17:21","guid":{"rendered":"http:\/\/villadeigelsomini.demo4.pensareweb.it\/fr\/suite-appartamenti-deluxe\/"},"modified":"2017-11-17T10:40:57","modified_gmt":"2017-11-17T09:40:57","slug":"suite-appartamenti-deluxe","status":"publish","type":"page","link":"https:\/\/www.villadeigelsomini.it\/fr\/suite-appartamenti-deluxe\/","title":{"rendered":"Suite Deluxe"},"content":{"rendered":"[vc_row type=\u00a0\u00bbfull_width_background\u00a0\u00bb scene_position=\u00a0\u00bbcenter\u00a0\u00bb text_color=\u00a0\u00bbdark\u00a0\u00bb text_align=\u00a0\u00bbleft\u00a0\u00bb class=\u00a0\u00bbbooking\u00a0\u00bb overlay_strength=\u00a0\u00bb0.3&Prime;][vc_column column_padding=\u00a0\u00bbno-extra-padding\u00a0\u00bb column_padding_position=\u00a0\u00bball\u00a0\u00bb background_color_opacity=\u00a0\u00bb1&Prime; background_hover_color_opacity=\u00a0\u00bb1&Prime; width=\u00a0\u00bb1\/1&Prime;][vc_column_text]\t\n\t<div class=\"booking\">\n\t\t<div class=\"intro\">La struttura fa parte della stessa propriet\u00e0 del National Hotel **** a Rimini<\/div>\n\t\t<div class=\"btbooking\">\n\n\t\t\t<a class=\"nectar-button large accent-color regular-button\" target=\"_blank\" href=\"https:\/\/www.nationalhotel.it\/fr\/national-hotel\/demande-informations.html\" data-color-override=\"false\" data-hover-color-override=\"false\" data-hover-text-color-override=\"#fff\" style=\"visibility: visible;\"><span>RICHIEDI INFO<\/span><\/a>\n\t\t\t\n\n\t\t<\/div>\n\t\t<div class=\"clear\"><\/div>\n\t<\/div>[\/vc_column_text][\/vc_column][\/vc_row][vc_row type=\u00a0\u00bbfull_width_content\u00a0\u00bb vertically_center_columns=\u00a0\u00bbtrue\u00a0\u00bb scene_position=\u00a0\u00bbcenter\u00a0\u00bb text_color=\u00a0\u00bbdark\u00a0\u00bb text_align=\u00a0\u00bbleft\u00a0\u00bb id=\u00a0\u00bbpw-suite-deluxe\u00a0\u00bb overlay_strength=\u00a0\u00bb0.3&Prime;][vc_column enable_animation=\u00a0\u00bbtrue\u00a0\u00bb animation=\u00a0\u00bbfade-in-from-left\u00a0\u00bb column_padding=\u00a0\u00bbno-extra-padding\u00a0\u00bb column_padding_position=\u00a0\u00bball\u00a0\u00bb background_color_opacity=\u00a0\u00bb1&Prime; background_hover_color_opacity=\u00a0\u00bb1&Prime; background_image=\u00a0\u00bb5632&Prime; el_class=\u00a0\u00bbcol-pw-grey testo-destra\u00a0\u00bb width=\u00a0\u00bb1\/2&Prime;][vc_column_text]\n<h2>la solution parfaite pour des vacances \u00e0 Rimini<\/h2>\n<h1>SUITE DELUXE<\/h1>\n<p>Les <strong>suites<\/strong> de la <strong>R\u00e9sidence Villa dei Gelsomini<\/strong> sont des<strong>T2<\/strong> caract\u00e9ris\u00e9es par une zone nuit positionn\u00e9e dans la mansarde tr\u00e8s lumineuse, avec fen\u00eatres sur toit motoris\u00e9es. Le coin cuisine \u00e9quip\u00e9e est compl\u00e9tement fournis avec des accessoires de cuisine de tr\u00e8s bonne qualit\u00e9.<br \/>\nEn deuxi\u00e8me choix, vous pourrez choisir une suite DELUXE sur un seul niveau avec deux salles de bain, l&rsquo;une avec douche Teuco et l&rsquo;autre avec une baignoire hydromassage.<\/p>\n<p>En dotation \u00e9galement, vous avez une TV plasma 26\u00a0\u00bb, deux t\u00e9l\u00e9phones directs avec l&rsquo;ext\u00e9rieur, interphone et connection WI-FI.<br \/>\nLes superficies de ces <strong>appartements<\/strong> varient entre 42m2 et 46m2.<\/p>\n<p>Ces <strong>appartements<\/strong> sont parfaitement con\u00e7us pour des<strong>vacances \u00e0 Rimini<\/strong> disponibles pour de courtes ou de longues p\u00e9riodes. Ils sont situ\u00e9s \u00e0 deux pas de l&rsquo;h\u00f4tel National.<\/p>\n<p><a class=\"btn\" href=\"https:\/\/www.nationalhotel.it\/fr\/national-hotel\/demande-informations.html\" target=\"_blank\" rel=\"noopener noreferrer\">RESERVEZ<\/a>[\/vc_column_text][\/vc_column][vc_column enable_animation=\u00a0\u00bbtrue\u00a0\u00bb animation=\u00a0\u00bbfade-in-from-right\u00a0\u00bb column_padding=\u00a0\u00bbno-extra-padding\u00a0\u00bb column_padding_position=\u00a0\u00bball\u00a0\u00bb background_color_opacity=\u00a0\u00bb1&Prime; background_hover_color_opacity=\u00a0\u00bb1&Prime; background_image=\u00a0\u00bb5987&Prime; el_class=\u00a0\u00bbcell-pw-white\u00a0\u00bb width=\u00a0\u00bb1\/2&Prime;]<div class=\"img-with-aniamtion-wrap center\"><img decoding=\"async\" class=\"img-with-animation background\" data-delay=\"0\" height=\"100%\" width=\"100%\" data-animation=\"fade-in\" src=\"https:\/\/www.villadeigelsomini.it\/wp-content\/uploads\/suite2.jpg\" alt=\"\" \/><\/div>[\/vc_column][\/vc_row][vc_row type=\u00a0\u00bbfull_width_content\u00a0\u00bb scene_position=\u00a0\u00bbcenter\u00a0\u00bb text_color=\u00a0\u00bbdark\u00a0\u00bb text_align=\u00a0\u00bbleft\u00a0\u00bb overlay_strength=\u00a0\u00bb0.3&Prime;][vc_column enable_animation=\u00a0\u00bbtrue\u00a0\u00bb animation=\u00a0\u00bbfade-in-from-left\u00a0\u00bb column_padding=\u00a0\u00bbno-extra-padding\u00a0\u00bb column_padding_position=\u00a0\u00bball\u00a0\u00bb background_color_opacity=\u00a0\u00bb1&Prime; background_hover_color_opacity=\u00a0\u00bb1&Prime; top_margin=\u00a0\u00bb10&Prime; bottom_margin=\u00a0\u00bb10&Prime; el_class=\u00a0\u00bbcell-pw-white\u00a0\u00bb width=\u00a0\u00bb1\/1&Prime;][vc_gallery type=\u00a0\u00bbimage_grid\u00a0\u00bb images=\u00a0\u00bb6024,6029,6100,6101,6025&Prime; layout=\u00a0\u00bbfullwidth\u00a0\u00bb gallery_style=\u00a0\u00bb3&Prime;][\/vc_column][\/vc_row]\n","protected":false},"excerpt":{"rendered":"<p>[vc_row type=\u00a0\u00bbfull_width_background\u00a0\u00bb scene_position=\u00a0\u00bbcenter\u00a0\u00bb text_color=\u00a0\u00bbdark\u00a0\u00bb text_align=\u00a0\u00bbleft\u00a0\u00bb class=\u00a0\u00bbbooking\u00a0\u00bb overlay_strength=\u00a0\u00bb0.3&Prime;][vc_column column_padding=\u00a0\u00bbno-extra-padding\u00a0\u00bb column_padding_position=\u00a0\u00bball\u00a0\u00bb background_color_opacity=\u00a0\u00bb1&Prime; background_hover_color_opacity=\u00a0\u00bb1&Prime; width=\u00a0\u00bb1\/1&Prime;][vc_column_text][\/vc_column_text][\/vc_column][\/vc_row][vc_row type=\u00a0\u00bbfull_width_content\u00a0\u00bb vertically_center_columns=\u00a0\u00bbtrue\u00a0\u00bb scene_position=\u00a0\u00bbcenter\u00a0\u00bb text_color=\u00a0\u00bbdark\u00a0\u00bb text_align=\u00a0\u00bbleft\u00a0\u00bb id=\u00a0\u00bbpw-suite-deluxe\u00a0\u00bb overlay_strength=\u00a0\u00bb0.3&Prime;][vc_column enable_animation=\u00a0\u00bbtrue\u00a0\u00bb animation=\u00a0\u00bbfade-in-from-left\u00a0\u00bb column_padding=\u00a0\u00bbno-extra-padding\u00a0\u00bb column_padding_position=\u00a0\u00bball\u00a0\u00bb background_color_opacity=\u00a0\u00bb1&Prime; background_hover_color_opacity=\u00a0\u00bb1&Prime; background_image=\u00a0\u00bb5632&Prime; el_class=\u00a0\u00bbcol-pw-grey testo-destra\u00a0\u00bb width=\u00a0\u00bb1\/2&Prime;][vc_column_text] la solution parfaite pour des vacances \u00e0 Rimini SUITE DELUXE Les suites de la R\u00e9sidence Villa dei Gelsomini sont desT2 caract\u00e9ris\u00e9es par une zone nuit positionn\u00e9e&#8230;<\/p>\n","protected":false},"author":1,"featured_media":0,"parent":0,"menu_order":0,"comment_status":"closed","ping_status":"closed","template":"","meta":{"footnotes":""},"yoast_head":"<!-- This site is optimized with the Yoast SEO plugin v24.5 - https:\/\/yoast.com\/wordpress\/plugins\/seo\/ -->\n<title>Suite Deluxe | Villa Dei Gelsomini<\/title>\n<meta name=\"robots\" content=\"index, follow, max-snippet:-1, max-image-preview:large, max-video-preview:-1\" \/>\n<link rel=\"canonical\" href=\"https:\/\/www.villadeigelsomini.it\/fr\/suite-appartamenti-deluxe\/\" \/>\n<meta property=\"og:locale\" content=\"fr_FR\" \/>\n<meta property=\"og:type\" content=\"article\" \/>\n<meta property=\"og:title\" content=\"Suite Deluxe | Villa Dei Gelsomini\" \/>\n<meta property=\"og:description\" content=\"[vc_row type=\u00a0\u00bbfull_width_background\u00a0\u00bb scene_position=\u00a0\u00bbcenter\u00a0\u00bb text_color=\u00a0\u00bbdark\u00a0\u00bb text_align=\u00a0\u00bbleft\u00a0\u00bb class=\u00a0\u00bbbooking\u00a0\u00bb overlay_strength=\u00a0\u00bb0.3&Prime;][vc_column column_padding=\u00a0\u00bbno-extra-padding\u00a0\u00bb column_padding_position=\u00a0\u00bball\u00a0\u00bb background_color_opacity=\u00a0\u00bb1&Prime; background_hover_color_opacity=\u00a0\u00bb1&Prime; width=\u00a0\u00bb1\/1&Prime;][vc_column_text][\/vc_column_text][\/vc_column][\/vc_row][vc_row type=\u00a0\u00bbfull_width_content\u00a0\u00bb vertically_center_columns=\u00a0\u00bbtrue\u00a0\u00bb scene_position=\u00a0\u00bbcenter\u00a0\u00bb text_color=\u00a0\u00bbdark\u00a0\u00bb text_align=\u00a0\u00bbleft\u00a0\u00bb id=\u00a0\u00bbpw-suite-deluxe\u00a0\u00bb overlay_strength=\u00a0\u00bb0.3&Prime;][vc_column enable_animation=\u00a0\u00bbtrue\u00a0\u00bb animation=\u00a0\u00bbfade-in-from-left\u00a0\u00bb column_padding=\u00a0\u00bbno-extra-padding\u00a0\u00bb column_padding_position=\u00a0\u00bball\u00a0\u00bb background_color_opacity=\u00a0\u00bb1&Prime; background_hover_color_opacity=\u00a0\u00bb1&Prime; background_image=\u00a0\u00bb5632&Prime; el_class=\u00a0\u00bbcol-pw-grey testo-destra\u00a0\u00bb width=\u00a0\u00bb1\/2&Prime;][vc_column_text] la solution parfaite pour des vacances \u00e0 Rimini SUITE DELUXE Les suites de la R\u00e9sidence Villa dei Gelsomini sont desT2 caract\u00e9ris\u00e9es par une zone nuit positionn\u00e9e...\" \/>\n<meta property=\"og:url\" content=\"https:\/\/www.villadeigelsomini.it\/fr\/suite-appartamenti-deluxe\/\" \/>\n<meta property=\"og:site_name\" content=\"Villa Dei Gelsomini\" \/>\n<meta property=\"article:modified_time\" content=\"2017-11-17T09:40:57+00:00\" \/>\n<meta name=\"twitter:card\" content=\"summary_large_image\" \/>\n<meta name=\"twitter:label1\" content=\"Dur\u00e9e de lecture estim\u00e9e\" \/>\n\t<meta name=\"twitter:data1\" content=\"2 minutes\" \/>\n<script type=\"application\/ld+json\" class=\"yoast-schema-graph\">{\"@context\":\"https:\/\/schema.org\",\"@graph\":[{\"@type\":\"WebPage\",\"@id\":\"https:\/\/www.villadeigelsomini.it\/fr\/suite-appartamenti-deluxe\/\",\"url\":\"https:\/\/www.villadeigelsomini.it\/fr\/suite-appartamenti-deluxe\/\",\"name\":\"Suite Deluxe | Villa Dei Gelsomini\",\"isPartOf\":{\"@id\":\"https:\/\/www.villadeigelsomini.it\/#website\"},\"datePublished\":\"2016-03-17T12:17:21+00:00\",\"dateModified\":\"2017-11-17T09:40:57+00:00\",\"breadcrumb\":{\"@id\":\"https:\/\/www.villadeigelsomini.it\/fr\/suite-appartamenti-deluxe\/#breadcrumb\"},\"inLanguage\":\"fr-FR\",\"potentialAction\":[{\"@type\":\"ReadAction\",\"target\":[\"https:\/\/www.villadeigelsomini.it\/fr\/suite-appartamenti-deluxe\/\"]}]},{\"@type\":\"BreadcrumbList\",\"@id\":\"https:\/\/www.villadeigelsomini.it\/fr\/suite-appartamenti-deluxe\/#breadcrumb\",\"itemListElement\":[{\"@type\":\"ListItem\",\"position\":1,\"name\":\"Home\",\"item\":\"https:\/\/www.villadeigelsomini.it\/fr\/\"},{\"@type\":\"ListItem\",\"position\":2,\"name\":\"Suite Deluxe\"}]},{\"@type\":\"WebSite\",\"@id\":\"https:\/\/www.villadeigelsomini.it\/#website\",\"url\":\"https:\/\/www.villadeigelsomini.it\/\",\"name\":\"Villa Dei Gelsomini\",\"description\":\"Villa Dei Gelsomini\",\"potentialAction\":[{\"@type\":\"SearchAction\",\"target\":{\"@type\":\"EntryPoint\",\"urlTemplate\":\"https:\/\/www.villadeigelsomini.it\/?s={search_term_string}\"},\"query-input\":{\"@type\":\"PropertyValueSpecification\",\"valueRequired\":true,\"valueName\":\"search_term_string\"}}],\"inLanguage\":\"fr-FR\"}]}<\/script>\n<!-- \/ Yoast SEO plugin. -->","yoast_head_json":{"title":"Suite Deluxe | Villa Dei Gelsomini","robots":{"index":"index","follow":"follow","max-snippet":"max-snippet:-1","max-image-preview":"max-image-preview:large","max-video-preview":"max-video-preview:-1"},"canonical":"https:\/\/www.villadeigelsomini.it\/fr\/suite-appartamenti-deluxe\/","og_locale":"fr_FR","og_type":"article","og_title":"Suite Deluxe | Villa Dei Gelsomini","og_description":"[vc_row type=\u00a0\u00bbfull_width_background\u00a0\u00bb scene_position=\u00a0\u00bbcenter\u00a0\u00bb text_color=\u00a0\u00bbdark\u00a0\u00bb text_align=\u00a0\u00bbleft\u00a0\u00bb class=\u00a0\u00bbbooking\u00a0\u00bb overlay_strength=\u00a0\u00bb0.3&Prime;][vc_column column_padding=\u00a0\u00bbno-extra-padding\u00a0\u00bb column_padding_position=\u00a0\u00bball\u00a0\u00bb background_color_opacity=\u00a0\u00bb1&Prime; background_hover_color_opacity=\u00a0\u00bb1&Prime; width=\u00a0\u00bb1\/1&Prime;][vc_column_text][\/vc_column_text][\/vc_column][\/vc_row][vc_row type=\u00a0\u00bbfull_width_content\u00a0\u00bb vertically_center_columns=\u00a0\u00bbtrue\u00a0\u00bb scene_position=\u00a0\u00bbcenter\u00a0\u00bb text_color=\u00a0\u00bbdark\u00a0\u00bb text_align=\u00a0\u00bbleft\u00a0\u00bb id=\u00a0\u00bbpw-suite-deluxe\u00a0\u00bb overlay_strength=\u00a0\u00bb0.3&Prime;][vc_column enable_animation=\u00a0\u00bbtrue\u00a0\u00bb animation=\u00a0\u00bbfade-in-from-left\u00a0\u00bb column_padding=\u00a0\u00bbno-extra-padding\u00a0\u00bb column_padding_position=\u00a0\u00bball\u00a0\u00bb background_color_opacity=\u00a0\u00bb1&Prime; background_hover_color_opacity=\u00a0\u00bb1&Prime; background_image=\u00a0\u00bb5632&Prime; el_class=\u00a0\u00bbcol-pw-grey testo-destra\u00a0\u00bb width=\u00a0\u00bb1\/2&Prime;][vc_column_text] la solution parfaite pour des vacances \u00e0 Rimini SUITE DELUXE Les suites de la R\u00e9sidence Villa dei Gelsomini sont desT2 caract\u00e9ris\u00e9es par une zone nuit positionn\u00e9e...","og_url":"https:\/\/www.villadeigelsomini.it\/fr\/suite-appartamenti-deluxe\/","og_site_name":"Villa Dei Gelsomini","article_modified_time":"2017-11-17T09:40:57+00:00","twitter_card":"summary_large_image","twitter_misc":{"Dur\u00e9e de lecture estim\u00e9e":"2 minutes"},"schema":{"@context":"https:\/\/schema.org","@graph":[{"@type":"WebPage","@id":"https:\/\/www.villadeigelsomini.it\/fr\/suite-appartamenti-deluxe\/","url":"https:\/\/www.villadeigelsomini.it\/fr\/suite-appartamenti-deluxe\/","name":"Suite Deluxe | Villa Dei Gelsomini","isPartOf":{"@id":"https:\/\/www.villadeigelsomini.it\/#website"},"datePublished":"2016-03-17T12:17:21+00:00","dateModified":"2017-11-17T09:40:57+00:00","breadcrumb":{"@id":"https:\/\/www.villadeigelsomini.it\/fr\/suite-appartamenti-deluxe\/#breadcrumb"},"inLanguage":"fr-FR","potentialAction":[{"@type":"ReadAction","target":["https:\/\/www.villadeigelsomini.it\/fr\/suite-appartamenti-deluxe\/"]}]},{"@type":"BreadcrumbList","@id":"https:\/\/www.villadeigelsomini.it\/fr\/suite-appartamenti-deluxe\/#breadcrumb","itemListElement":[{"@type":"ListItem","position":1,"name":"Home","item":"https:\/\/www.villadeigelsomini.it\/fr\/"},{"@type":"ListItem","position":2,"name":"Suite Deluxe"}]},{"@type":"WebSite","@id":"https:\/\/www.villadeigelsomini.it\/#website","url":"https:\/\/www.villadeigelsomini.it\/","name":"Villa Dei Gelsomini","description":"Villa Dei Gelsomini","potentialAction":[{"@type":"SearchAction","target":{"@type":"EntryPoint","urlTemplate":"https:\/\/www.villadeigelsomini.it\/?s={search_term_string}"},"query-input":{"@type":"PropertyValueSpecification","valueRequired":true,"valueName":"search_term_string"}}],"inLanguage":"fr-FR"}]}},"_links":{"self":[{"href":"https:\/\/www.villadeigelsomini.it\/fr\/wp-json\/wp\/v2\/pages\/6329"}],"collection":[{"href":"https:\/\/www.villadeigelsomini.it\/fr\/wp-json\/wp\/v2\/pages"}],"about":[{"href":"https:\/\/www.villadeigelsomini.it\/fr\/wp-json\/wp\/v2\/types\/page"}],"author":[{"embeddable":true,"href":"https:\/\/www.villadeigelsomini.it\/fr\/wp-json\/wp\/v2\/users\/1"}],"replies":[{"embeddable":true,"href":"https:\/\/www.villadeigelsomini.it\/fr\/wp-json\/wp\/v2\/comments?post=6329"}],"version-history":[{"count":0,"href":"https:\/\/www.villadeigelsomini.it\/fr\/wp-json\/wp\/v2\/pages\/6329\/revisions"}],"wp:attachment":[{"href":"https:\/\/www.villadeigelsomini.it\/fr\/wp-json\/wp\/v2\/media?parent=6329"}],"curies":[{"name":"wp","href":"https:\/\/api.w.org\/{rel}","templated":true}]}}