{"id":6362,"date":"2016-03-17T13:51:07","date_gmt":"2016-03-17T12:51:07","guid":{"rendered":"http:\/\/villadeigelsomini.demo4.pensareweb.it\/fr\/suite-superior\/"},"modified":"2017-11-17T10:57:44","modified_gmt":"2017-11-17T09:57:44","slug":"suite-superior","status":"publish","type":"page","link":"https:\/\/www.villadeigelsomini.it\/fr\/suite-superior\/","title":{"rendered":"Suite Superior"},"content":{"rendered":"[vc_row type=\u00a0\u00bbfull_width_background\u00a0\u00bb scene_position=\u00a0\u00bbcenter\u00a0\u00bb text_color=\u00a0\u00bbdark\u00a0\u00bb text_align=\u00a0\u00bbleft\u00a0\u00bb class=\u00a0\u00bbbooking\u00a0\u00bb overlay_strength=\u00a0\u00bb0.3&Prime;][vc_column column_padding=\u00a0\u00bbno-extra-padding\u00a0\u00bb column_padding_position=\u00a0\u00bball\u00a0\u00bb background_color_opacity=\u00a0\u00bb1&Prime; background_hover_color_opacity=\u00a0\u00bb1&Prime; width=\u00a0\u00bb1\/1&Prime;][vc_column_text]\t\n\t<div class=\"booking\">\n\t\t<div class=\"intro\">La struttura fa parte della stessa propriet\u00e0 del National Hotel **** a Rimini<\/div>\n\t\t<div class=\"btbooking\">\n\n\t\t\t<a class=\"nectar-button large accent-color regular-button\" target=\"_blank\" href=\"https:\/\/www.nationalhotel.it\/fr\/national-hotel\/demande-informations.html\" data-color-override=\"false\" data-hover-color-override=\"false\" data-hover-text-color-override=\"#fff\" style=\"visibility: visible;\"><span>RICHIEDI INFO<\/span><\/a>\n\t\t\t\n\n\t\t<\/div>\n\t\t<div class=\"clear\"><\/div>\n\t<\/div>[\/vc_column_text][\/vc_column][\/vc_row][vc_row type=\u00a0\u00bbfull_width_content\u00a0\u00bb scene_position=\u00a0\u00bbcenter\u00a0\u00bb text_color=\u00a0\u00bbdark\u00a0\u00bb text_align=\u00a0\u00bbleft\u00a0\u00bb id=\u00a0\u00bbpw-suite-superior\u00a0\u00bb overlay_strength=\u00a0\u00bb0.3&Prime;][vc_column enable_animation=\u00a0\u00bbtrue\u00a0\u00bb animation=\u00a0\u00bbfade-in-from-left\u00a0\u00bb column_padding=\u00a0\u00bbno-extra-padding\u00a0\u00bb column_padding_position=\u00a0\u00bball\u00a0\u00bb background_color_opacity=\u00a0\u00bb1&Prime; background_hover_color_opacity=\u00a0\u00bb1&Prime; background_image=\u00a0\u00bb6094&Prime; el_class=\u00a0\u00bbcol-pw-white\u00a0\u00bb width=\u00a0\u00bb1\/2&Prime;]<div class=\"img-with-aniamtion-wrap center\"><img decoding=\"async\" class=\"img-with-animation background\" data-delay=\"0\" height=\"100%\" width=\"100%\" data-animation=\"fade-in\" src=\"https:\/\/www.villadeigelsomini.it\/wp-content\/uploads\/suite1-2.jpg\" alt=\"\" \/><\/div>[\/vc_column][vc_column enable_animation=\u00a0\u00bbtrue\u00a0\u00bb animation=\u00a0\u00bbfade-in-from-right\u00a0\u00bb column_padding=\u00a0\u00bbno-extra-padding\u00a0\u00bb column_padding_position=\u00a0\u00bball\u00a0\u00bb background_color_opacity=\u00a0\u00bb1&Prime; background_hover_color_opacity=\u00a0\u00bb1&Prime; el_class=\u00a0\u00bbcol-pw-white\u00a0\u00bb width=\u00a0\u00bb1\/2&Prime;][vc_column_text]\n<h2>appartements de luxe \u00e0 Rimini Marina Centre<\/h2>\n<h1>SUITE SUPERIOR<\/h1>\n<p>Les suites nomm\u00e9es SUPERIOR de la r\u00e9sidence Villa dei Gelsomini sont des appartements de type T2 constitu\u00e9s d\u2019une chambre \u00e0 coucher, un s\u00e9jour avec un grand canap\u00e9 lit matrimonial, un c\u00f4t\u00e9 cuisine \u00e9quip\u00e9e, une baignoirehydromassage et une douche Teuco.<\/p>\n<p>Nous fournissons \u00e9galement une t\u00e9l\u00e9vision plasma 26\u2019\u2019, deux t\u00e9l\u00e9phones directs avec l\u2019ext\u00e9rieur, interphone et connection WI-FI.<\/p>\n<p>La superficie moyenne de ces appartements est de 40 m2.<\/p>\n<p>R\u00e9sidence Villa dei Gelsomini : des appartements en location pour des vacances \u00e0 Rimini \u00e0 deux pas de l\u2019<a title=\"https:\/\/www.hotel-rimini.fr\/\" href=\"https:\/\/www.nationalhotel.it\" target=\"_blank\" rel=\"noopener noreferrer\">National Hotel<\/a>, per la soddisfazione della clientela pi\u00f9 attenta.<\/p>\n<p><a class=\"btn\" href=\"https:\/\/www.nationalhotel.it\/fr\/national-hotel\/demande-informations.html\" target=\"_blank\" rel=\"noopener noreferrer\">RESERVEZ<\/a>[\/vc_column_text][\/vc_column][\/vc_row][vc_row type=\u00a0\u00bbfull_width_content\u00a0\u00bb vertically_center_columns=\u00a0\u00bbtrue\u00a0\u00bb scene_position=\u00a0\u00bbcenter\u00a0\u00bb text_color=\u00a0\u00bbdark\u00a0\u00bb text_align=\u00a0\u00bbleft\u00a0\u00bb top_padding=\u00a0\u00bb10&Prime; bottom_padding=\u00a0\u00bb10&Prime; overlay_strength=\u00a0\u00bb0.3&Prime;][vc_column enable_animation=\u00a0\u00bbtrue\u00a0\u00bb animation=\u00a0\u00bbfade-in-from-left\u00a0\u00bb column_padding=\u00a0\u00bbno-extra-padding\u00a0\u00bb column_padding_position=\u00a0\u00bball\u00a0\u00bb background_color_opacity=\u00a0\u00bb1&Prime; background_hover_color_opacity=\u00a0\u00bb1&Prime; background_image=\u00a0\u00bb5632&Prime; width=\u00a0\u00bb1\/1&Prime;][vc_gallery type=\u00a0\u00bbimage_grid\u00a0\u00bb images=\u00a0\u00bb6110,6112,6109,6111,6046&Prime; layout=\u00a0\u00bbfullwidth\u00a0\u00bb gallery_style=\u00a0\u00bb3&Prime;][\/vc_column][\/vc_row]\n","protected":false},"excerpt":{"rendered":"<p>[vc_row type=\u00a0\u00bbfull_width_background\u00a0\u00bb scene_position=\u00a0\u00bbcenter\u00a0\u00bb text_color=\u00a0\u00bbdark\u00a0\u00bb text_align=\u00a0\u00bbleft\u00a0\u00bb class=\u00a0\u00bbbooking\u00a0\u00bb overlay_strength=\u00a0\u00bb0.3&Prime;][vc_column column_padding=\u00a0\u00bbno-extra-padding\u00a0\u00bb column_padding_position=\u00a0\u00bball\u00a0\u00bb background_color_opacity=\u00a0\u00bb1&Prime; background_hover_color_opacity=\u00a0\u00bb1&Prime; width=\u00a0\u00bb1\/1&Prime;][vc_column_text][\/vc_column_text][\/vc_column][\/vc_row][vc_row type=\u00a0\u00bbfull_width_content\u00a0\u00bb scene_position=\u00a0\u00bbcenter\u00a0\u00bb text_color=\u00a0\u00bbdark\u00a0\u00bb text_align=\u00a0\u00bbleft\u00a0\u00bb id=\u00a0\u00bbpw-suite-superior\u00a0\u00bb overlay_strength=\u00a0\u00bb0.3&Prime;][vc_column enable_animation=\u00a0\u00bbtrue\u00a0\u00bb animation=\u00a0\u00bbfade-in-from-left\u00a0\u00bb column_padding=\u00a0\u00bbno-extra-padding\u00a0\u00bb column_padding_position=\u00a0\u00bball\u00a0\u00bb background_color_opacity=\u00a0\u00bb1&Prime; background_hover_color_opacity=\u00a0\u00bb1&Prime; background_image=\u00a0\u00bb6094&Prime; el_class=\u00a0\u00bbcol-pw-white\u00a0\u00bb width=\u00a0\u00bb1\/2&Prime;][\/vc_column][vc_column enable_animation=\u00a0\u00bbtrue\u00a0\u00bb animation=\u00a0\u00bbfade-in-from-right\u00a0\u00bb column_padding=\u00a0\u00bbno-extra-padding\u00a0\u00bb column_padding_position=\u00a0\u00bball\u00a0\u00bb background_color_opacity=\u00a0\u00bb1&Prime; background_hover_color_opacity=\u00a0\u00bb1&Prime; el_class=\u00a0\u00bbcol-pw-white\u00a0\u00bb width=\u00a0\u00bb1\/2&Prime;][vc_column_text] appartements de luxe \u00e0 Rimini Marina Centre SUITE SUPERIOR Les suites nomm\u00e9es SUPERIOR de la r\u00e9sidence Villa dei Gelsomini sont&#8230;<\/p>\n","protected":false},"author":1,"featured_media":0,"parent":0,"menu_order":0,"comment_status":"closed","ping_status":"closed","template":"","meta":{"footnotes":""},"yoast_head":"<!-- This site is optimized with the Yoast SEO plugin v24.5 - https:\/\/yoast.com\/wordpress\/plugins\/seo\/ -->\n<title>Suite Superior | Villa Dei Gelsomini<\/title>\n<meta name=\"robots\" content=\"index, follow, max-snippet:-1, max-image-preview:large, max-video-preview:-1\" \/>\n<link rel=\"canonical\" href=\"https:\/\/www.villadeigelsomini.it\/fr\/suite-superior\/\" \/>\n<meta property=\"og:locale\" content=\"fr_FR\" \/>\n<meta property=\"og:type\" content=\"article\" \/>\n<meta property=\"og:title\" content=\"Suite Superior | Villa Dei Gelsomini\" \/>\n<meta property=\"og:description\" content=\"[vc_row type=\u00a0\u00bbfull_width_background\u00a0\u00bb scene_position=\u00a0\u00bbcenter\u00a0\u00bb text_color=\u00a0\u00bbdark\u00a0\u00bb text_align=\u00a0\u00bbleft\u00a0\u00bb class=\u00a0\u00bbbooking\u00a0\u00bb overlay_strength=\u00a0\u00bb0.3&Prime;][vc_column column_padding=\u00a0\u00bbno-extra-padding\u00a0\u00bb column_padding_position=\u00a0\u00bball\u00a0\u00bb background_color_opacity=\u00a0\u00bb1&Prime; background_hover_color_opacity=\u00a0\u00bb1&Prime; width=\u00a0\u00bb1\/1&Prime;][vc_column_text][\/vc_column_text][\/vc_column][\/vc_row][vc_row type=\u00a0\u00bbfull_width_content\u00a0\u00bb scene_position=\u00a0\u00bbcenter\u00a0\u00bb text_color=\u00a0\u00bbdark\u00a0\u00bb text_align=\u00a0\u00bbleft\u00a0\u00bb id=\u00a0\u00bbpw-suite-superior\u00a0\u00bb overlay_strength=\u00a0\u00bb0.3&Prime;][vc_column enable_animation=\u00a0\u00bbtrue\u00a0\u00bb animation=\u00a0\u00bbfade-in-from-left\u00a0\u00bb column_padding=\u00a0\u00bbno-extra-padding\u00a0\u00bb column_padding_position=\u00a0\u00bball\u00a0\u00bb background_color_opacity=\u00a0\u00bb1&Prime; background_hover_color_opacity=\u00a0\u00bb1&Prime; background_image=\u00a0\u00bb6094&Prime; el_class=\u00a0\u00bbcol-pw-white\u00a0\u00bb width=\u00a0\u00bb1\/2&Prime;][\/vc_column][vc_column enable_animation=\u00a0\u00bbtrue\u00a0\u00bb animation=\u00a0\u00bbfade-in-from-right\u00a0\u00bb column_padding=\u00a0\u00bbno-extra-padding\u00a0\u00bb column_padding_position=\u00a0\u00bball\u00a0\u00bb background_color_opacity=\u00a0\u00bb1&Prime; background_hover_color_opacity=\u00a0\u00bb1&Prime; el_class=\u00a0\u00bbcol-pw-white\u00a0\u00bb width=\u00a0\u00bb1\/2&Prime;][vc_column_text] appartements de luxe \u00e0 Rimini Marina Centre SUITE SUPERIOR Les suites nomm\u00e9es SUPERIOR de la r\u00e9sidence Villa dei Gelsomini sont...\" \/>\n<meta property=\"og:url\" content=\"https:\/\/www.villadeigelsomini.it\/fr\/suite-superior\/\" \/>\n<meta property=\"og:site_name\" content=\"Villa Dei Gelsomini\" \/>\n<meta property=\"article:modified_time\" content=\"2017-11-17T09:57:44+00:00\" \/>\n<meta name=\"twitter:card\" content=\"summary_large_image\" \/>\n<meta name=\"twitter:label1\" content=\"Dur\u00e9e de lecture estim\u00e9e\" \/>\n\t<meta name=\"twitter:data1\" content=\"2 minutes\" \/>\n<script type=\"application\/ld+json\" class=\"yoast-schema-graph\">{\"@context\":\"https:\/\/schema.org\",\"@graph\":[{\"@type\":\"WebPage\",\"@id\":\"https:\/\/www.villadeigelsomini.it\/fr\/suite-superior\/\",\"url\":\"https:\/\/www.villadeigelsomini.it\/fr\/suite-superior\/\",\"name\":\"Suite Superior | Villa Dei Gelsomini\",\"isPartOf\":{\"@id\":\"https:\/\/www.villadeigelsomini.it\/#website\"},\"datePublished\":\"2016-03-17T12:51:07+00:00\",\"dateModified\":\"2017-11-17T09:57:44+00:00\",\"breadcrumb\":{\"@id\":\"https:\/\/www.villadeigelsomini.it\/fr\/suite-superior\/#breadcrumb\"},\"inLanguage\":\"fr-FR\",\"potentialAction\":[{\"@type\":\"ReadAction\",\"target\":[\"https:\/\/www.villadeigelsomini.it\/fr\/suite-superior\/\"]}]},{\"@type\":\"BreadcrumbList\",\"@id\":\"https:\/\/www.villadeigelsomini.it\/fr\/suite-superior\/#breadcrumb\",\"itemListElement\":[{\"@type\":\"ListItem\",\"position\":1,\"name\":\"Home\",\"item\":\"https:\/\/www.villadeigelsomini.it\/fr\/\"},{\"@type\":\"ListItem\",\"position\":2,\"name\":\"Suite Superior\"}]},{\"@type\":\"WebSite\",\"@id\":\"https:\/\/www.villadeigelsomini.it\/#website\",\"url\":\"https:\/\/www.villadeigelsomini.it\/\",\"name\":\"Villa Dei Gelsomini\",\"description\":\"Villa Dei Gelsomini\",\"potentialAction\":[{\"@type\":\"SearchAction\",\"target\":{\"@type\":\"EntryPoint\",\"urlTemplate\":\"https:\/\/www.villadeigelsomini.it\/?s={search_term_string}\"},\"query-input\":{\"@type\":\"PropertyValueSpecification\",\"valueRequired\":true,\"valueName\":\"search_term_string\"}}],\"inLanguage\":\"fr-FR\"}]}<\/script>\n<!-- \/ Yoast SEO plugin. -->","yoast_head_json":{"title":"Suite Superior | Villa Dei Gelsomini","robots":{"index":"index","follow":"follow","max-snippet":"max-snippet:-1","max-image-preview":"max-image-preview:large","max-video-preview":"max-video-preview:-1"},"canonical":"https:\/\/www.villadeigelsomini.it\/fr\/suite-superior\/","og_locale":"fr_FR","og_type":"article","og_title":"Suite Superior | Villa Dei Gelsomini","og_description":"[vc_row type=\u00a0\u00bbfull_width_background\u00a0\u00bb scene_position=\u00a0\u00bbcenter\u00a0\u00bb text_color=\u00a0\u00bbdark\u00a0\u00bb text_align=\u00a0\u00bbleft\u00a0\u00bb class=\u00a0\u00bbbooking\u00a0\u00bb overlay_strength=\u00a0\u00bb0.3&Prime;][vc_column column_padding=\u00a0\u00bbno-extra-padding\u00a0\u00bb column_padding_position=\u00a0\u00bball\u00a0\u00bb background_color_opacity=\u00a0\u00bb1&Prime; background_hover_color_opacity=\u00a0\u00bb1&Prime; width=\u00a0\u00bb1\/1&Prime;][vc_column_text][\/vc_column_text][\/vc_column][\/vc_row][vc_row type=\u00a0\u00bbfull_width_content\u00a0\u00bb scene_position=\u00a0\u00bbcenter\u00a0\u00bb text_color=\u00a0\u00bbdark\u00a0\u00bb text_align=\u00a0\u00bbleft\u00a0\u00bb id=\u00a0\u00bbpw-suite-superior\u00a0\u00bb overlay_strength=\u00a0\u00bb0.3&Prime;][vc_column enable_animation=\u00a0\u00bbtrue\u00a0\u00bb animation=\u00a0\u00bbfade-in-from-left\u00a0\u00bb column_padding=\u00a0\u00bbno-extra-padding\u00a0\u00bb column_padding_position=\u00a0\u00bball\u00a0\u00bb background_color_opacity=\u00a0\u00bb1&Prime; background_hover_color_opacity=\u00a0\u00bb1&Prime; background_image=\u00a0\u00bb6094&Prime; el_class=\u00a0\u00bbcol-pw-white\u00a0\u00bb width=\u00a0\u00bb1\/2&Prime;][\/vc_column][vc_column enable_animation=\u00a0\u00bbtrue\u00a0\u00bb animation=\u00a0\u00bbfade-in-from-right\u00a0\u00bb column_padding=\u00a0\u00bbno-extra-padding\u00a0\u00bb column_padding_position=\u00a0\u00bball\u00a0\u00bb background_color_opacity=\u00a0\u00bb1&Prime; background_hover_color_opacity=\u00a0\u00bb1&Prime; el_class=\u00a0\u00bbcol-pw-white\u00a0\u00bb width=\u00a0\u00bb1\/2&Prime;][vc_column_text] appartements de luxe \u00e0 Rimini Marina Centre SUITE SUPERIOR Les suites nomm\u00e9es SUPERIOR de la r\u00e9sidence Villa dei Gelsomini sont...","og_url":"https:\/\/www.villadeigelsomini.it\/fr\/suite-superior\/","og_site_name":"Villa Dei Gelsomini","article_modified_time":"2017-11-17T09:57:44+00:00","twitter_card":"summary_large_image","twitter_misc":{"Dur\u00e9e de lecture estim\u00e9e":"2 minutes"},"schema":{"@context":"https:\/\/schema.org","@graph":[{"@type":"WebPage","@id":"https:\/\/www.villadeigelsomini.it\/fr\/suite-superior\/","url":"https:\/\/www.villadeigelsomini.it\/fr\/suite-superior\/","name":"Suite Superior | Villa Dei Gelsomini","isPartOf":{"@id":"https:\/\/www.villadeigelsomini.it\/#website"},"datePublished":"2016-03-17T12:51:07+00:00","dateModified":"2017-11-17T09:57:44+00:00","breadcrumb":{"@id":"https:\/\/www.villadeigelsomini.it\/fr\/suite-superior\/#breadcrumb"},"inLanguage":"fr-FR","potentialAction":[{"@type":"ReadAction","target":["https:\/\/www.villadeigelsomini.it\/fr\/suite-superior\/"]}]},{"@type":"BreadcrumbList","@id":"https:\/\/www.villadeigelsomini.it\/fr\/suite-superior\/#breadcrumb","itemListElement":[{"@type":"ListItem","position":1,"name":"Home","item":"https:\/\/www.villadeigelsomini.it\/fr\/"},{"@type":"ListItem","position":2,"name":"Suite Superior"}]},{"@type":"WebSite","@id":"https:\/\/www.villadeigelsomini.it\/#website","url":"https:\/\/www.villadeigelsomini.it\/","name":"Villa Dei Gelsomini","description":"Villa Dei Gelsomini","potentialAction":[{"@type":"SearchAction","target":{"@type":"EntryPoint","urlTemplate":"https:\/\/www.villadeigelsomini.it\/?s={search_term_string}"},"query-input":{"@type":"PropertyValueSpecification","valueRequired":true,"valueName":"search_term_string"}}],"inLanguage":"fr-FR"}]}},"_links":{"self":[{"href":"https:\/\/www.villadeigelsomini.it\/fr\/wp-json\/wp\/v2\/pages\/6362"}],"collection":[{"href":"https:\/\/www.villadeigelsomini.it\/fr\/wp-json\/wp\/v2\/pages"}],"about":[{"href":"https:\/\/www.villadeigelsomini.it\/fr\/wp-json\/wp\/v2\/types\/page"}],"author":[{"embeddable":true,"href":"https:\/\/www.villadeigelsomini.it\/fr\/wp-json\/wp\/v2\/users\/1"}],"replies":[{"embeddable":true,"href":"https:\/\/www.villadeigelsomini.it\/fr\/wp-json\/wp\/v2\/comments?post=6362"}],"version-history":[{"count":0,"href":"https:\/\/www.villadeigelsomini.it\/fr\/wp-json\/wp\/v2\/pages\/6362\/revisions"}],"wp:attachment":[{"href":"https:\/\/www.villadeigelsomini.it\/fr\/wp-json\/wp\/v2\/media?parent=6362"}],"curies":[{"name":"wp","href":"https:\/\/api.w.org\/{rel}","templated":true}]}}